{"id":44,"date":"2016-09-09T14:09:27","date_gmt":"2016-09-09T17:09:27","guid":{"rendered":"http:\/\/auditoria.sites.uff.br\/?page_id=44"},"modified":"2022-03-16T15:58:33","modified_gmt":"2022-03-16T18:58:33","slug":"links","status":"publish","type":"page","link":"http:\/\/auditoria.sites.uff.br\/?page_id=44","title":{"rendered":"Publica\u00e7\u00f5es"},"content":{"rendered":"\n<p>Aqui constar\u00e3o publica\u00e7\u00f5es e textos escritos pela nossa equipe de auditoria. <\/p>\n","protected":false},"excerpt":{"rendered":"<p>Aqui constar\u00e3o publica\u00e7\u00f5es e textos escritos pela nossa equipe de auditoria.<\/p>\n","protected":false},"author":42,"featured_media":0,"parent":0,"menu_order":0,"comment_status":"closed","ping_status":"closed","template":"","meta":{"_exactmetrics_skip_tracking":false,"_exactmetrics_sitenote_active":false,"_exactmetrics_sitenote_note":"","_exactmetrics_sitenote_category":0,"footnotes":""},"categories":[],"tags":[],"class_list":["post-44","page","type-page","status-publish","hentry"],"_links":{"self":[{"href":"http:\/\/auditoria.sites.uff.br\/index.php?rest_route=\/wp\/v2\/pages\/44","targetHints":{"allow":["GET"]}}],"collection":[{"href":"http:\/\/auditoria.sites.uff.br\/index.php?rest_route=\/wp\/v2\/pages"}],"about":[{"href":"http:\/\/auditoria.sites.uff.br\/index.php?rest_route=\/wp\/v2\/types\/page"}],"author":[{"embeddable":true,"href":"http:\/\/auditoria.sites.uff.br\/index.php?rest_route=\/wp\/v2\/users\/42"}],"replies":[{"embeddable":true,"href":"http:\/\/auditoria.sites.uff.br\/index.php?rest_route=%2Fwp%2Fv2%2Fcomments&post=44"}],"version-history":[{"count":2,"href":"http:\/\/auditoria.sites.uff.br\/index.php?rest_route=\/wp\/v2\/pages\/44\/revisions"}],"predecessor-version":[{"id":213,"href":"http:\/\/auditoria.sites.uff.br\/index.php?rest_route=\/wp\/v2\/pages\/44\/revisions\/213"}],"wp:attachment":[{"href":"http:\/\/auditoria.sites.uff.br\/index.php?rest_route=%2Fwp%2Fv2%2Fmedia&parent=44"}],"wp:term":[{"taxonomy":"category","embeddable":true,"href":"http:\/\/auditoria.sites.uff.br\/index.php?rest_route=%2Fwp%2Fv2%2Fcategories&post=44"},{"taxonomy":"post_tag","embeddable":true,"href":"http:\/\/auditoria.sites.uff.br\/index.php?rest_route=%2Fwp%2Fv2%2Ftags&post=44"}],"curies":[{"name":"wp","href":"https:\/\/api.w.org\/{rel}","templated":true}]}}