{"id":29,"date":"2016-09-09T13:38:28","date_gmt":"2016-09-09T16:38:28","guid":{"rendered":"http:\/\/auditoria.sites.uff.br\/?page_id=29"},"modified":"2025-05-29T09:16:45","modified_gmt":"2025-05-29T12:16:45","slug":"equipe","status":"publish","type":"page","link":"https:\/\/auditoria.sites.uff.br\/?page_id=29","title":{"rendered":"Equipe"},"content":{"rendered":"<h3 style=\"text-align: center\"><\/h3>\n<h2 style=\"text-align: center\"><b>Auditoria T\u00e9cnica<\/b><\/h2>\n<h4 style=\"text-align: center\"><\/h4>\n<h3 style=\"text-align: center\"><strong>Chefe da Auditoria T\u00e9cnica<\/strong><\/h3>\n<h3 style=\"text-align: center\"><span style=\"font-weight: 400\">Newley Magalh\u00e3es<\/span><\/h3>\n<h3>\u00a0 \u00a0 \u00a0 \u00a0 \u00a0 \u00a0 \u00a0 \u00a0 \u00a0 \u00a0 \u00a0 \u00a0 \u00a0 \u00a0 \u00a0 \u00a0 \u00a0 \u00a0 \u00a0 \u00a0 \u00a0 \u00a0 <strong>Adjunto da Chefia<\/strong><\/h3>\n<h3 style=\"text-align: center\"><span style=\"font-weight: 400\">\u00a0 \u00a0Telma Brum Nascimento Boechat<\/span><\/h3>\n<h3><\/h3>\n<h3><strong>\u00a0 \u00a0 \u00a0 \u00a0 \u00a0 \u00a0 \u00a0 \u00a0 \u00a0 \u00a0 \u00a0 \u00a0 \u00a0 \u00a0 \u00a0 \u00a0 \u00a0 \u00a0 \u00a0 \u00a0 \u00a0 \u00a0Equipe de Auditoria<\/strong><\/h3>\n<h3 style=\"text-align: center\"><span style=\"font-weight: 400\">Aline Rodrigues Tavares de Freitas<\/span><\/h3>\n<h3 style=\"text-align: center\"><span style=\"font-weight: 400\">Angelo Borges Ciuffo<\/span><\/h3>\n<h3 style=\"text-align: center\"><span style=\"font-weight: 400\">Ariel Amadeu Edwards Teixeira<\/span><\/h3>\n<h3 style=\"text-align: center\"><span style=\"font-weight: 400\">Luise Lyra de Serpa Pinto<\/span><\/h3>\n<h3 style=\"text-align: center\"><span style=\"font-weight: 400\">Patr\u00edcia Paula Carvalho de Azevedo<\/span><\/h3>\n<h3 style=\"text-align: center\"><span style=\"font-weight: 400\">Ruy Barbosa Cavalcanti de Amorim<\/span><\/h3>\n<h3 style=\"text-align: center\"><\/h3>\n<h4 style=\"text-align: center\"><\/h4>\n<h4 style=\"text-align: center\"><\/h4>\n","protected":false},"excerpt":{"rendered":"<p>Auditoria T\u00e9cnica Chefe da Auditoria T\u00e9cnica Newley Magalh\u00e3es \u00a0 \u00a0 \u00a0 \u00a0 \u00a0 \u00a0 \u00a0 \u00a0 \u00a0 \u00a0 \u00a0 \u00a0 \u00a0 \u00a0 \u00a0 \u00a0 \u00a0 \u00a0 \u00a0 \u00a0 \u00a0 \u00a0 Adjunto da Chefia \u00a0 \u00a0Telma Brum Nascimento Boechat \u00a0 \u00a0 \u00a0 \u00a0 \u00a0 \u00a0 \u00a0 \u00a0 \u00a0 \u00a0 \u00a0 \u00a0 \u00a0 \u00a0 \u00a0 \u00a0 \u00a0 [&hellip;]<\/p>\n","protected":false},"author":42,"featured_media":0,"parent":2,"menu_order":0,"comment_status":"closed","ping_status":"closed","template":"","meta":{"_exactmetrics_skip_tracking":false,"_exactmetrics_sitenote_active":false,"_exactmetrics_sitenote_note":"","_exactmetrics_sitenote_category":0,"footnotes":""},"categories":[],"tags":[],"class_list":["post-29","page","type-page","status-publish","hentry"],"_links":{"self":[{"href":"https:\/\/auditoria.sites.uff.br\/index.php?rest_route=\/wp\/v2\/pages\/29","targetHints":{"allow":["GET"]}}],"collection":[{"href":"https:\/\/auditoria.sites.uff.br\/index.php?rest_route=\/wp\/v2\/pages"}],"about":[{"href":"https:\/\/auditoria.sites.uff.br\/index.php?rest_route=\/wp\/v2\/types\/page"}],"author":[{"embeddable":true,"href":"https:\/\/auditoria.sites.uff.br\/index.php?rest_route=\/wp\/v2\/users\/42"}],"replies":[{"embeddable":true,"href":"https:\/\/auditoria.sites.uff.br\/index.php?rest_route=%2Fwp%2Fv2%2Fcomments&post=29"}],"version-history":[{"count":37,"href":"https:\/\/auditoria.sites.uff.br\/index.php?rest_route=\/wp\/v2\/pages\/29\/revisions"}],"predecessor-version":[{"id":455,"href":"https:\/\/auditoria.sites.uff.br\/index.php?rest_route=\/wp\/v2\/pages\/29\/revisions\/455"}],"up":[{"embeddable":true,"href":"https:\/\/auditoria.sites.uff.br\/index.php?rest_route=\/wp\/v2\/pages\/2"}],"wp:attachment":[{"href":"https:\/\/auditoria.sites.uff.br\/index.php?rest_route=%2Fwp%2Fv2%2Fmedia&parent=29"}],"wp:term":[{"taxonomy":"category","embeddable":true,"href":"https:\/\/auditoria.sites.uff.br\/index.php?rest_route=%2Fwp%2Fv2%2Fcategories&post=29"},{"taxonomy":"post_tag","embeddable":true,"href":"https:\/\/auditoria.sites.uff.br\/index.php?rest_route=%2Fwp%2Fv2%2Ftags&post=29"}],"curies":[{"name":"wp","href":"https:\/\/api.w.org\/{rel}","templated":true}]}}